{"id":1715,"date":"2023-07-05T17:57:07","date_gmt":"2023-07-05T15:57:07","guid":{"rendered":"https:\/\/www.denommegang.com\/notre-petit-dejeuner\/"},"modified":"2024-02-20T19:48:40","modified_gmt":"2024-02-20T18:48:40","slug":"notre-petit-dejeuner","status":"publish","type":"page","link":"https:\/\/www.denommegang.com\/fr\/notre-petit-dejeuner\/","title":{"rendered":"Notre petit-d\u00e9jeuner"},"content":{"rendered":"<p><div class=\"fusion-bg-parallax\" data-bg-align=\"center center\" data-direction=\"down\" data-mute=\"false\" data-opacity=\"100\" data-velocity=\"-0.3\" data-mobile-enabled=\"false\" data-break_parents=\"0\" data-bg-image=\"https:\/\/www.denommegang.com\/wp-content\/uploads\/2023\/06\/plateau-petit-dejeuner-delicieux-lit.jpg\" data-bg-repeat=\"false\" ><\/div><div class=\"fusion-fullwidth fullwidth-box fusion-builder-row-1 fusion-flex-container has-pattern-background has-mask-background fusion-parallax-down nonhundred-percent-fullwidth non-hundred-percent-height-scrolling lazyload fusion-animated fusion-custom-z-index\" style=\"--awb-border-radius-top-left:0px;--awb-border-radius-top-right:0px;--awb-border-radius-bottom-right:0px;--awb-border-radius-bottom-left:0px;--awb-z-index:500;--awb-padding-top:10vw;--awb-padding-bottom:10vw;--awb-padding-top-small:80px;--awb-padding-bottom-small:80px;--awb-background-size:cover;--awb-flex-wrap:wrap;--awb-animation-color:var(--awb-color3);\" data-bg=\"https:\/\/www.denommegang.com\/wp-content\/uploads\/2023\/06\/plateau-petit-dejeuner-delicieux-lit.jpg\" data-animationType=\"revealInLeft\" data-animationDuration=\"1.2\" data-animationOffset=\"top-into-view\" ><div class=\"fusion-builder-row fusion-row fusion-flex-align-items-flex-start fusion-flex-content-wrap\" style=\"max-width:1248px;margin-left: calc(-4% \/ 2 );margin-right: calc(-4% \/ 2 );\"><div class=\"fusion-layout-column fusion_builder_column fusion-builder-column-0 fusion_builder_column_1_1 1_1 fusion-flex-column\" style=\"--awb-bg-size:cover;--awb-width-large:100%;--awb-margin-top-large:0px;--awb-spacing-right-large:1.92%;--awb-margin-bottom-large:0px;--awb-spacing-left-large:1.92%;--awb-width-medium:100%;--awb-order-medium:0;--awb-spacing-right-medium:1.92%;--awb-spacing-left-medium:1.92%;--awb-width-small:100%;--awb-order-small:0;--awb-spacing-right-small:1.92%;--awb-spacing-left-small:1.92%;\"><div class=\"fusion-column-wrapper fusion-column-has-shadow fusion-flex-justify-content-flex-start fusion-content-layout-column\"><\/div><\/div><\/div><\/div><div class=\"fusion-fullwidth fullwidth-box fusion-builder-row-2 fusion-flex-container has-pattern-background has-mask-background nonhundred-percent-fullwidth non-hundred-percent-height-scrolling\" style=\"--awb-background-position:left center;--awb-border-radius-top-left:0px;--awb-border-radius-top-right:0px;--awb-border-radius-bottom-right:0px;--awb-border-radius-bottom-left:0px;--awb-padding-top:100px;--awb-padding-bottom:130px;--awb-padding-top-medium:90px;--awb-padding-bottom-medium:90px;--awb-flex-wrap:wrap;\" ><div class=\"fusion-builder-row fusion-row fusion-flex-align-items-flex-start fusion-flex-justify-content-center fusion-flex-content-wrap\" style=\"max-width:calc( 1200px + 0px );margin-left: calc(-0px \/ 2 );margin-right: calc(-0px \/ 2 );\"><div class=\"fusion-layout-column fusion_builder_column fusion-builder-column-1 fusion_builder_column_1_1 1_1 fusion-flex-column fusion-animated\" style=\"--awb-bg-color:var(--awb-color2);--awb-bg-color-hover:var(--awb-color2);--awb-bg-size:cover;--awb-width-large:100%;--awb-margin-top-large:0px;--awb-spacing-right-large:0px;--awb-margin-bottom-large:100px;--awb-spacing-left-large:0px;--awb-width-medium:100%;--awb-order-medium:0;--awb-spacing-right-medium:0px;--awb-spacing-left-medium:0px;--awb-width-small:100%;--awb-order-small:0;--awb-spacing-right-small:0px;--awb-margin-bottom-small:68px;--awb-spacing-left-small:0px;\" data-animationType=\"fadeInDown\" data-animationDuration=\"0.8\" data-animationDelay=\"0.2\" data-animationOffset=\"top-into-view\"><div class=\"fusion-column-wrapper fusion-column-has-shadow fusion-flex-justify-content-flex-start fusion-content-layout-column\"><div class=\"fusion-image-element \" style=\"text-align:center;--awb-max-width:75px;--awb-caption-title-font-family:var(--h2_typography-font-family);--awb-caption-title-font-weight:var(--h2_typography-font-weight);--awb-caption-title-font-style:var(--h2_typography-font-style);--awb-caption-title-size:var(--h2_typography-font-size);--awb-caption-title-transform:var(--h2_typography-text-transform);--awb-caption-title-line-height:var(--h2_typography-line-height);--awb-caption-title-letter-spacing:var(--h2_typography-letter-spacing);\"><span class=\" fusion-imageframe imageframe-none imageframe-1 hover-type-none\"><img decoding=\"async\" width=\"150\" height=\"150\" title=\"restaurant-menu\" src=\"https:\/\/www.denommegang.com\/wp-content\/uploads\/2023\/06\/restaurant-menu.png\" data-orig-src=\"https:\/\/www.denommegang.com\/wp-content\/uploads\/2023\/06\/restaurant-menu-150x150.png\" alt class=\"lazyload img-responsive wp-image-1593\" srcset=\"data:image\/svg+xml,%3Csvg%20xmlns%3D%27http%3A%2F%2Fwww.w3.org%2F2000%2Fsvg%27%20width%3D%27512%27%20height%3D%27512%27%20viewBox%3D%270%200%20512%20512%27%3E%3Crect%20width%3D%27512%27%20height%3D%27512%27%20fill-opacity%3D%220%22%2F%3E%3C%2Fsvg%3E\" data-srcset=\"https:\/\/www.denommegang.com\/wp-content\/uploads\/2023\/06\/restaurant-menu-200x200.png 200w, https:\/\/www.denommegang.com\/wp-content\/uploads\/2023\/06\/restaurant-menu-400x400.png 400w, https:\/\/www.denommegang.com\/wp-content\/uploads\/2023\/06\/restaurant-menu.png 512w\" data-sizes=\"auto\" data-orig-sizes=\"(max-width: 640px) 100vw, 150px\" \/><\/span><\/div><div class=\"fusion-title title fusion-title-1 fusion-sep-none fusion-title-center fusion-title-text fusion-title-size-one\" style=\"--awb-text-color:var(--awb-color8);--awb-margin-bottom:20px;--awb-margin-bottom-small:20px;\"><h1 class=\"fusion-title-heading title-heading-center\" style=\"margin:0;\">Notre Petit-D\u00e9jeuner<\/h1><\/div><div class=\"fusion-text fusion-text-1 fusion-text-no-margin\" style=\"--awb-content-alignment:center;--awb-margin-right:2%;--awb-margin-left:2%;\"><p style=\"text-align: center;\">Petit-d\u00e9jeuner disponible de 8h00 jusqu&rsquo;\u00e0 10h00.<\/p>\n<p style=\"text-align: center;\">Le petit-d\u00e9jeuner dans notre chambre d&rsquo;h\u00f4tes est un d\u00e9but de journ\u00e9e id\u00e9al.<\/p>\n<p style=\"text-align: center;\">Savourez notre large gamme de produits frais, locaux et faits maison.<\/p>\n<p style=\"text-align: center;\">Du pain et des croissants fra\u00eechement sortis du four aux confitures biologiques, en passant par les fromages artisanaux et bien plus encore&#8230;<\/p>\n<p style=\"text-align: center;\">Notre petit-d\u00e9jeuner est une exp\u00e9rience savoureuse qui vous donnera de l&rsquo;\u00e9nergie pour la journ\u00e9e.<\/p>\n<p style=\"text-align: center;\">Savourez un jus fra\u00eechement press\u00e9, un caf\u00e9 chaud ou d&rsquo;autres boissons tout en vous d\u00e9tendant et en commen\u00e7ant la journ\u00e9e paisiblement dans une atmosph\u00e8re chaleureuse.<\/p>\n<\/div><div class=\"fusion-separator fusion-full-width-sep\" style=\"align-self: center;margin-left: auto;margin-right: auto;margin-top:25px;margin-bottom:25px;width:100%;\"><\/div><div class=\"fusion-text fusion-text-2\"><style>.fdm-section-header p { display: none; }<\/style>\n\n\n<div class=\"fdm-menu-filtering\">\n\t<\/div>\n\n<div class=\"fdm-the-menu\">\n\n\n\n<ul id=\"fdm-menu-1\" class=\"fdm-menu fdm-menu-1739 fdm-menu-classic fdm-menu-sidebar- fdm-columns-2 fdm-layout-classic clearfix\">\n\n\n\t<li class=\"fdm-column fdm-column-0\">\n\n\t<ul class=\"fdm-section fdm-sectionid-94 fdm-section-breakfast fdm-section-one\">\n\t<li class=\"fdm-section-header\" id=\"fdm-section-header-breakfast\">\n\n\t\t\t\t\n\t\t\n\t\t\t\t\t<h3 class=''>Ontbijt<\/h3>\n\t\t\n\t\t\n\t\t\n\t<\/li>\n\t\n\t\t<li class=\"fdm-item\" data-postid=\"2364\" data-section=\"94\" data-timeadded=\"1708455812\">\n\t\n\t\t\n\t\t<div class=\"fdm-item-panel\" data-price=\"0\">\n\n\t\t\t<div class=\"fdm-item-non-image-container\">\n<p class=\"fdm-item-title\">Oeufs brouill\u00e9s avec du lard<\/p>\n\t\t\t<div class=\"clearfix\"><\/div>\n\t\t<\/div>\n\n\t\t\n\t\t<\/li>\n\t\n\n\n\t\t<li class=\"fdm-item\" data-postid=\"2367\" data-section=\"94\" data-timeadded=\"1708455972\">\n\t\n\t\t\n\t\t<div class=\"fdm-item-panel\" data-price=\"0\">\n\n\t\t\t<div class=\"fdm-item-non-image-container\">\n<p class=\"fdm-item-title\">Oeufs en cocotte<\/p><div class=\"fdm-item-content\">\n\t<p>Cr\u00e8me \/ Jambon \/ Fromage<\/p>\n<\/div>\n<\/div>\n\t\t\t<div class=\"clearfix\"><\/div>\n\t\t<\/div>\n\n\t\t\n\t\t<\/li>\n\t\n\n\n\t\t<li class=\"fdm-item\" data-postid=\"2357\" data-section=\"94\" data-timeadded=\"1708455060\">\n\t\n\t\t\n\t\t<div class=\"fdm-item-panel\" data-price=\"0\">\n\n\t\t\t<div class=\"fdm-item-non-image-container\">\n<p class=\"fdm-item-title\">Oeufs sur le plat avec du lard<\/p>\n\t\t\t<div class=\"clearfix\"><\/div>\n\t\t<\/div>\n\n\t\t\n\t\t<\/li>\n\t\n\n<\/ul>\n\t<\/li>\n\n\n\t<li class=\"fdm-column fdm-column-1 fdm-column-last\">\n\n\t<ul class=\"fdm-section fdm-sectionid-92 fdm-section-extra fdm-section-one\">\n\t<li class=\"fdm-section-header\" id=\"fdm-section-header-extra\">\n\n\t\t\t\t\n\t\t\n\t\t\t\t\t<h3 class=''>Supplement<\/h3>\n\t\t\n\t\t\n\t\t\n\t<\/li>\n\t\n\t\t<li class=\"fdm-item fdm-item-has-price\" data-postid=\"2387\" data-section=\"92\" data-timeadded=\"1708456523\">\n\t\n\t\t\n\t\t<div class=\"fdm-item-panel\" data-price=\"10.00\u20ac p.p.\">\n\n\t\t\t<div class=\"fdm-item-non-image-container\">\n<p class=\"fdm-item-title\">Coupe de champagne<\/p><div class=\"fdm-item-price-wrapper\" data-min_price='1000000' data-max_price='0'>\n\t\t\t<div class=\"fdm-item-price\">10.00\u20ac p.p.<\/div>\n\t<\/div>\n\n\t\t\t<div class=\"clearfix\"><\/div>\n\t\t<\/div>\n\n\t\t\n\t\t<\/li>\n\t\n\n\n\t\t<li class=\"fdm-item fdm-item-has-price\" data-postid=\"2392\" data-section=\"92\" data-timeadded=\"1708456832\">\n\t\n\t\t\n\t\t<div class=\"fdm-item-panel\" data-price=\"7.00\u20ac p.p.\">\n\n\t\t\t<div class=\"fdm-item-non-image-container\">\n<p class=\"fdm-item-title\">Mini cr\u00eapes<\/p><div class=\"fdm-item-price-wrapper\" data-min_price='1000000' data-max_price='0'>\n\t\t\t<div class=\"fdm-item-price\">7.00\u20ac p.p.<\/div>\n\t<\/div>\n\n\t\t\t<div class=\"clearfix\"><\/div>\n\t\t<\/div>\n\n\t\t\n\t\t<\/li>\n\t\n\n\n\t\t<li class=\"fdm-item fdm-item-has-price\" data-postid=\"2374\" data-section=\"92\" data-timeadded=\"1708456213\">\n\t\n\t\t\n\t\t<div class=\"fdm-item-panel\" data-price=\"6.00\u20ac p.p.\">\n\n\t\t\t<div class=\"fdm-item-non-image-container\">\n<p class=\"fdm-item-title\">Saumon fum\u00e9<\/p><div class=\"fdm-item-price-wrapper\" data-min_price='1000000' data-max_price='0'>\n\t\t\t<div class=\"fdm-item-price\">6.00\u20ac p.p.<\/div>\n\t<\/div>\n\n\t\t\t<div class=\"clearfix\"><\/div>\n\t\t<\/div>\n\n\t\t\n\t\t<\/li>\n\t\n\n<\/ul>\n\t<\/li>\n\n\n<\/ul>\n\n\n<\/div> <!-- fdm-the-menu -->\n\n<div class=\"clearfix\"><\/div>\n\n<div class='fdm-details-div fdm-hidden'>\n\t<div class='fdm-details-div-inside'>\n\t\t<div class='fdm-details-div-exit'>\n\t\t\t<div class='fdm-details-div-exit-inside'><span class=\"dashicons dashicons-no-alt\"><\/span><\/div>\n\t\t<\/div>\n\t\t<div class='fdm-details-div-content'><\/div>\n\t<\/div>\n<\/div>\n<div class='fdm-details-background-div fdm-hidden'><\/div>\n<\/div><div class=\"fusion-text fusion-text-3\"><p style=\"text-align: center;\"><em>Inclus dans le prix: granola aux fruits frais, yaourt, 1 sandwich, 1 pistolet, 3 mini viennoiseries, garniture, caf\u00e9 ou th\u00e9, jus d&rsquo;orange frais<\/em><\/p>\n<\/div><\/div><\/div><\/div><\/div><\/p>\n","protected":false},"excerpt":{"rendered":"","protected":false},"author":1,"featured_media":0,"parent":0,"menu_order":0,"comment_status":"closed","ping_status":"closed","template":"100-width.php","meta":{"footnotes":""},"class_list":["post-1715","page","type-page","status-publish","hentry"],"_links":{"self":[{"href":"https:\/\/www.denommegang.com\/fr\/wp-json\/wp\/v2\/pages\/1715","targetHints":{"allow":["GET"]}}],"collection":[{"href":"https:\/\/www.denommegang.com\/fr\/wp-json\/wp\/v2\/pages"}],"about":[{"href":"https:\/\/www.denommegang.com\/fr\/wp-json\/wp\/v2\/types\/page"}],"author":[{"embeddable":true,"href":"https:\/\/www.denommegang.com\/fr\/wp-json\/wp\/v2\/users\/1"}],"replies":[{"embeddable":true,"href":"https:\/\/www.denommegang.com\/fr\/wp-json\/wp\/v2\/comments?post=1715"}],"version-history":[{"count":3,"href":"https:\/\/www.denommegang.com\/fr\/wp-json\/wp\/v2\/pages\/1715\/revisions"}],"predecessor-version":[{"id":2397,"href":"https:\/\/www.denommegang.com\/fr\/wp-json\/wp\/v2\/pages\/1715\/revisions\/2397"}],"wp:attachment":[{"href":"https:\/\/www.denommegang.com\/fr\/wp-json\/wp\/v2\/media?parent=1715"}],"curies":[{"name":"wp","href":"https:\/\/api.w.org\/{rel}","templated":true}]}}